{"id":184,"date":"2014-12-02T10:42:44","date_gmt":"2014-12-02T09:42:44","guid":{"rendered":"http:\/\/nepenthe.lu\/?page_id=184"},"modified":"2014-12-02T10:45:44","modified_gmt":"2014-12-02T09:45:44","slug":"constitution-du-patrimoine","status":"publish","type":"page","link":"https:\/\/nepenthe.lu\/fr\/nos-services\/constitution-du-patrimoine\/","title":{"rendered":"Constitution du patrimoine"},"content":{"rendered":"<ul>\n<li>Choix du type de produit d\u2019assurances<\/li>\n<li>Choix de la solution d\u2019investissement la plus adapt\u00e9e<\/li>\n<li>Planning cash in<\/li>\n<\/ul>\n<p>Les contrats d\u2019assurance modernes offrent une panoplie de solutions d\u2019investissement au client:<\/p>\n<ul>\n<li>Formules au rendement garanti avec \u00e9ventuellement une participation aux b\u00e9n\u00e9fices<\/li>\n<li>Un choix parmi des fonds de placement\n<ul>\n<li>Accessible aux grand public<\/li>\n<li>Exclusivement accessibles aux investisseurs institutionnels<\/li>\n<\/ul>\n<\/li>\n<li>Des fonds collectifs internes offerts par l\u2019assureur lui-m\u00eame\n<ul>\n<li>Un compte d\u2019investissement sur mesure avec possibilit\u00e9 d\u2019investir directement en obligations et\/ou actions<\/li>\n<\/ul>\n<\/li>\n<li>Une combinaison des solutions propos\u00e9es ci-dessus au sein d\u2019un seul contrat d\u2019assurance ou pas<\/li>\n<\/ul>\n<p>Et tout ceci en phase avec le profil de risque et les ambitions finales du client:<\/p>\n<ul>\n<li>Il est probablement souhaitable que la partie de la fortune destin\u00e9e \u00e0 compl\u00e9ter les revenus de la retraite soit g\u00e9r\u00e9e de fa\u00e7on d\u00e9fensive<\/li>\n<li>Tandis que la partie de la fortune r\u00e9serv\u00e9e pour la g\u00e9n\u00e9ration suivante ( enfants, petits enfants ) supporte souvent une gestion un peu plus offensive afin de b\u00e9n\u00e9ficier des opportunit\u00e9s des march\u00e9s des actions pour autant que la mise initiale soit suffisamment prot\u00e9g\u00e9e en cas de d\u00e9c\u00e8s inopin\u00e9<\/li>\n<li>Lors de la mise en place d\u2019une donation il s\u2019av\u00e8re souvent que le donateur souhaite conditionner la donation d\u2019une charge ou \u00e9taler dans le temps la mise \u00e0 disposition de la fortune afin que le b\u00e9n\u00e9ficiaire ne puisse pas disposer inconditionnellement et imm\u00e9diatement de l\u2019enti\u00e8ret\u00e9 du montant donn\u00e9.<\/li>\n<\/ul>\n","protected":false},"excerpt":{"rendered":"<p>Choix du type de produit d\u2019assurances Choix de la solution d\u2019investissement la plus adapt\u00e9e Planning cash in Les contrats d\u2019assurance modernes offrent une panoplie de solutions d\u2019investissement au client: Formules au rendement garanti avec \u00e9ventuellement une participation aux b\u00e9n\u00e9fices Un choix parmi des fonds de placement Accessible aux grand public Exclusivement accessibles aux investisseurs institutionnels&#8230;<\/p>\n","protected":false},"author":1,"featured_media":0,"parent":176,"menu_order":0,"comment_status":"closed","ping_status":"closed","template":"","meta":{"_monsterinsights_skip_tracking":false,"_monsterinsights_sitenote_active":false,"_monsterinsights_sitenote_note":"","_monsterinsights_sitenote_category":0,"footnotes":""},"class_list":["post-184","page","type-page","status-publish","hentry"],"yoast_head":"<!-- This site is optimized with the Yoast SEO plugin v26.5 - https:\/\/yoast.com\/wordpress\/plugins\/seo\/ -->\n<title>Constitution du patrimoine - Nepenthe<\/title>\n<meta name=\"description\" content=\"Nepenthe is in 2004 opgericht als een aanbieder van Marketing &amp; Communication oplossingen voor financi\u00eble dienstverleners.\" \/>\n<meta name=\"robots\" content=\"index, follow, max-snippet:-1, max-image-preview:large, max-video-preview:-1\" \/>\n<link rel=\"canonical\" href=\"https:\/\/nepenthe.lu\/fr\/nos-services\/constitution-du-patrimoine\/\" \/>\n<meta property=\"og:locale\" content=\"fr_FR\" \/>\n<meta property=\"og:type\" content=\"article\" \/>\n<meta property=\"og:title\" content=\"Constitution du patrimoine - Nepenthe\" \/>\n<meta property=\"og:description\" content=\"Nepenthe is in 2004 opgericht als een aanbieder van Marketing &amp; Communication oplossingen voor financi\u00eble dienstverleners.\" \/>\n<meta property=\"og:url\" content=\"https:\/\/nepenthe.lu\/fr\/nos-services\/constitution-du-patrimoine\/\" \/>\n<meta property=\"og:site_name\" content=\"Nepenthe\" \/>\n<meta property=\"article:modified_time\" content=\"2014-12-02T09:45:44+00:00\" \/>\n<meta name=\"twitter:label1\" content=\"Dur\u00e9e de lecture estim\u00e9e\" \/>\n\t<meta name=\"twitter:data1\" content=\"1 minute\" \/>\n<script type=\"application\/ld+json\" class=\"yoast-schema-graph\">{\"@context\":\"https:\/\/schema.org\",\"@graph\":[{\"@type\":\"WebPage\",\"@id\":\"https:\/\/nepenthe.lu\/fr\/nos-services\/constitution-du-patrimoine\/\",\"url\":\"https:\/\/nepenthe.lu\/fr\/nos-services\/constitution-du-patrimoine\/\",\"name\":\"Constitution du patrimoine - Nepenthe\",\"isPartOf\":{\"@id\":\"https:\/\/nepenthe.lu\/#website\"},\"datePublished\":\"2014-12-02T09:42:44+00:00\",\"dateModified\":\"2014-12-02T09:45:44+00:00\",\"description\":\"Nepenthe is in 2004 opgericht als een aanbieder van Marketing & Communication oplossingen voor financi\u00eble dienstverleners.\",\"breadcrumb\":{\"@id\":\"https:\/\/nepenthe.lu\/fr\/nos-services\/constitution-du-patrimoine\/#breadcrumb\"},\"inLanguage\":\"fr-FR\",\"potentialAction\":[{\"@type\":\"ReadAction\",\"target\":[\"https:\/\/nepenthe.lu\/fr\/nos-services\/constitution-du-patrimoine\/\"]}]},{\"@type\":\"BreadcrumbList\",\"@id\":\"https:\/\/nepenthe.lu\/fr\/nos-services\/constitution-du-patrimoine\/#breadcrumb\",\"itemListElement\":[{\"@type\":\"ListItem\",\"position\":1,\"name\":\"Home\",\"item\":\"https:\/\/nepenthe.lu\/fr\/\"},{\"@type\":\"ListItem\",\"position\":2,\"name\":\"Nos services\",\"item\":\"https:\/\/nepenthe.lu\/fr\/nos-services\/\"},{\"@type\":\"ListItem\",\"position\":3,\"name\":\"Constitution du patrimoine\"}]},{\"@type\":\"WebSite\",\"@id\":\"https:\/\/nepenthe.lu\/#website\",\"url\":\"https:\/\/nepenthe.lu\/\",\"name\":\"Nepenthe\",\"description\":\"\",\"potentialAction\":[{\"@type\":\"SearchAction\",\"target\":{\"@type\":\"EntryPoint\",\"urlTemplate\":\"https:\/\/nepenthe.lu\/?s={search_term_string}\"},\"query-input\":{\"@type\":\"PropertyValueSpecification\",\"valueRequired\":true,\"valueName\":\"search_term_string\"}}],\"inLanguage\":\"fr-FR\"}]}<\/script>\n<!-- \/ Yoast SEO plugin. -->","yoast_head_json":{"title":"Constitution du patrimoine - Nepenthe","description":"Nepenthe is in 2004 opgericht als een aanbieder van Marketing & Communication oplossingen voor financi\u00eble dienstverleners.","robots":{"index":"index","follow":"follow","max-snippet":"max-snippet:-1","max-image-preview":"max-image-preview:large","max-video-preview":"max-video-preview:-1"},"canonical":"https:\/\/nepenthe.lu\/fr\/nos-services\/constitution-du-patrimoine\/","og_locale":"fr_FR","og_type":"article","og_title":"Constitution du patrimoine - Nepenthe","og_description":"Nepenthe is in 2004 opgericht als een aanbieder van Marketing & Communication oplossingen voor financi\u00eble dienstverleners.","og_url":"https:\/\/nepenthe.lu\/fr\/nos-services\/constitution-du-patrimoine\/","og_site_name":"Nepenthe","article_modified_time":"2014-12-02T09:45:44+00:00","twitter_misc":{"Dur\u00e9e de lecture estim\u00e9e":"1 minute"},"schema":{"@context":"https:\/\/schema.org","@graph":[{"@type":"WebPage","@id":"https:\/\/nepenthe.lu\/fr\/nos-services\/constitution-du-patrimoine\/","url":"https:\/\/nepenthe.lu\/fr\/nos-services\/constitution-du-patrimoine\/","name":"Constitution du patrimoine - Nepenthe","isPartOf":{"@id":"https:\/\/nepenthe.lu\/#website"},"datePublished":"2014-12-02T09:42:44+00:00","dateModified":"2014-12-02T09:45:44+00:00","description":"Nepenthe is in 2004 opgericht als een aanbieder van Marketing & Communication oplossingen voor financi\u00eble dienstverleners.","breadcrumb":{"@id":"https:\/\/nepenthe.lu\/fr\/nos-services\/constitution-du-patrimoine\/#breadcrumb"},"inLanguage":"fr-FR","potentialAction":[{"@type":"ReadAction","target":["https:\/\/nepenthe.lu\/fr\/nos-services\/constitution-du-patrimoine\/"]}]},{"@type":"BreadcrumbList","@id":"https:\/\/nepenthe.lu\/fr\/nos-services\/constitution-du-patrimoine\/#breadcrumb","itemListElement":[{"@type":"ListItem","position":1,"name":"Home","item":"https:\/\/nepenthe.lu\/fr\/"},{"@type":"ListItem","position":2,"name":"Nos services","item":"https:\/\/nepenthe.lu\/fr\/nos-services\/"},{"@type":"ListItem","position":3,"name":"Constitution du patrimoine"}]},{"@type":"WebSite","@id":"https:\/\/nepenthe.lu\/#website","url":"https:\/\/nepenthe.lu\/","name":"Nepenthe","description":"","potentialAction":[{"@type":"SearchAction","target":{"@type":"EntryPoint","urlTemplate":"https:\/\/nepenthe.lu\/?s={search_term_string}"},"query-input":{"@type":"PropertyValueSpecification","valueRequired":true,"valueName":"search_term_string"}}],"inLanguage":"fr-FR"}]}},"_links":{"self":[{"href":"https:\/\/nepenthe.lu\/fr\/wp-json\/wp\/v2\/pages\/184","targetHints":{"allow":["GET"]}}],"collection":[{"href":"https:\/\/nepenthe.lu\/fr\/wp-json\/wp\/v2\/pages"}],"about":[{"href":"https:\/\/nepenthe.lu\/fr\/wp-json\/wp\/v2\/types\/page"}],"author":[{"embeddable":true,"href":"https:\/\/nepenthe.lu\/fr\/wp-json\/wp\/v2\/users\/1"}],"replies":[{"embeddable":true,"href":"https:\/\/nepenthe.lu\/fr\/wp-json\/wp\/v2\/comments?post=184"}],"version-history":[{"count":2,"href":"https:\/\/nepenthe.lu\/fr\/wp-json\/wp\/v2\/pages\/184\/revisions"}],"predecessor-version":[{"id":302,"href":"https:\/\/nepenthe.lu\/fr\/wp-json\/wp\/v2\/pages\/184\/revisions\/302"}],"up":[{"embeddable":true,"href":"https:\/\/nepenthe.lu\/fr\/wp-json\/wp\/v2\/pages\/176"}],"wp:attachment":[{"href":"https:\/\/nepenthe.lu\/fr\/wp-json\/wp\/v2\/media?parent=184"}],"curies":[{"name":"wp","href":"https:\/\/api.w.org\/{rel}","templated":true}]}}