{"id":181,"date":"2014-12-02T10:41:35","date_gmt":"2014-12-02T09:41:35","guid":{"rendered":"http:\/\/nepenthe.lu\/?page_id=181"},"modified":"2014-12-02T10:41:35","modified_gmt":"2014-12-02T09:41:35","slug":"transfert-du-patrimoine","status":"publish","type":"page","link":"https:\/\/nepenthe.lu\/fr\/nos-services\/transfert-du-patrimoine\/","title":{"rendered":"Transfert du patrimoine"},"content":{"rendered":"<p>Une assurance vie est un contrat entre l\u2019assureur et le preneur d\u2019assurances qui donne le droit \u00e0 celui-ci de d\u00e9signer le(s) b\u00e9n\u00e9ficiaire(s) aussi longtemps que la personne assur\u00e9e est en vie et le(s) b\u00e9n\u00e9ficiaire(s) en cas de d\u00e9c\u00e8s de la ou des personne(s) assur\u00e9e(s). A condition de structurer correctement le contrat au moment de la souscription, une assurance vie peut \u00eatre un instrument tr\u00e8s efficace pour<\/p>\n<ul>\n<li>Ex\u00e9cuter les conditions d\u2019une donation :\n<ul>\n<li>Retour conventionnel<\/li>\n<li>Donation sous charge<\/li>\n<li>Usurfruit<\/li>\n<li>\u2026<\/li>\n<\/ul>\n<\/li>\n<li>Transf\u00e9rer une partie du patrimoine en dehors de d\u00e9volution successorale\n<ul>\n<li>Le montant assure sera verse au(x) b\u00e9n\u00e9ficiaire(s) d\u00e9sign\u00e9(s) dans les 30 jours apr\u00e8s notification du d\u00e9c\u00e8s et mise \u00e0 disposition de tous les documents n\u00e9cessaires<\/li>\n<\/ul>\n<\/li>\n<li>Immobiliser une partie du patrimoine temporairement en cas de d\u00e9c\u00e8s inopin\u00e9\n<ul>\n<li>Il est possible d\u2019\u00e9taler le paiement de la prestation dans le temps ou de reporter le paiement jusque l\u2019\u00e2ge pr\u00e9d\u00e9fini du b\u00e9n\u00e9ficiaire<\/li>\n<\/ul>\n<\/li>\n<li>Mettre en place une fondation pour un enfant d\u00e9pendant<\/li>\n<li>\u2026\u2026<\/li>\n<\/ul>\n","protected":false},"excerpt":{"rendered":"<p>Une assurance vie est un contrat entre l\u2019assureur et le preneur d\u2019assurances qui donne le droit \u00e0 celui-ci de d\u00e9signer le(s) b\u00e9n\u00e9ficiaire(s) aussi longtemps que la personne assur\u00e9e est en vie et le(s) b\u00e9n\u00e9ficiaire(s) en cas de d\u00e9c\u00e8s de la ou des personne(s) assur\u00e9e(s). A condition de structurer correctement le contrat au moment de la&#8230;<\/p>\n","protected":false},"author":1,"featured_media":0,"parent":176,"menu_order":0,"comment_status":"closed","ping_status":"closed","template":"","meta":{"_monsterinsights_skip_tracking":false,"_monsterinsights_sitenote_active":false,"_monsterinsights_sitenote_note":"","_monsterinsights_sitenote_category":0,"footnotes":""},"class_list":["post-181","page","type-page","status-publish","hentry"],"yoast_head":"<!-- This site is optimized with the Yoast SEO plugin v26.5 - https:\/\/yoast.com\/wordpress\/plugins\/seo\/ -->\n<title>Transfert du patrimoine - Nepenthe<\/title>\n<meta name=\"description\" content=\"Nepenthe is in 2004 opgericht als een aanbieder van Marketing &amp; Communication oplossingen voor financi\u00eble dienstverleners.\" \/>\n<meta name=\"robots\" content=\"index, follow, max-snippet:-1, max-image-preview:large, max-video-preview:-1\" \/>\n<link rel=\"canonical\" href=\"https:\/\/nepenthe.lu\/fr\/nos-services\/transfert-du-patrimoine\/\" \/>\n<meta property=\"og:locale\" content=\"fr_FR\" \/>\n<meta property=\"og:type\" content=\"article\" \/>\n<meta property=\"og:title\" content=\"Transfert du patrimoine - Nepenthe\" \/>\n<meta property=\"og:description\" content=\"Nepenthe is in 2004 opgericht als een aanbieder van Marketing &amp; Communication oplossingen voor financi\u00eble dienstverleners.\" \/>\n<meta property=\"og:url\" content=\"https:\/\/nepenthe.lu\/fr\/nos-services\/transfert-du-patrimoine\/\" \/>\n<meta property=\"og:site_name\" content=\"Nepenthe\" \/>\n<meta name=\"twitter:label1\" content=\"Dur\u00e9e de lecture estim\u00e9e\" \/>\n\t<meta name=\"twitter:data1\" content=\"1 minute\" \/>\n<script type=\"application\/ld+json\" class=\"yoast-schema-graph\">{\"@context\":\"https:\/\/schema.org\",\"@graph\":[{\"@type\":\"WebPage\",\"@id\":\"https:\/\/nepenthe.lu\/fr\/nos-services\/transfert-du-patrimoine\/\",\"url\":\"https:\/\/nepenthe.lu\/fr\/nos-services\/transfert-du-patrimoine\/\",\"name\":\"Transfert du patrimoine - Nepenthe\",\"isPartOf\":{\"@id\":\"https:\/\/nepenthe.lu\/#website\"},\"datePublished\":\"2014-12-02T09:41:35+00:00\",\"description\":\"Nepenthe is in 2004 opgericht als een aanbieder van Marketing & Communication oplossingen voor financi\u00eble dienstverleners.\",\"breadcrumb\":{\"@id\":\"https:\/\/nepenthe.lu\/fr\/nos-services\/transfert-du-patrimoine\/#breadcrumb\"},\"inLanguage\":\"fr-FR\",\"potentialAction\":[{\"@type\":\"ReadAction\",\"target\":[\"https:\/\/nepenthe.lu\/fr\/nos-services\/transfert-du-patrimoine\/\"]}]},{\"@type\":\"BreadcrumbList\",\"@id\":\"https:\/\/nepenthe.lu\/fr\/nos-services\/transfert-du-patrimoine\/#breadcrumb\",\"itemListElement\":[{\"@type\":\"ListItem\",\"position\":1,\"name\":\"Home\",\"item\":\"https:\/\/nepenthe.lu\/fr\/\"},{\"@type\":\"ListItem\",\"position\":2,\"name\":\"Nos services\",\"item\":\"https:\/\/nepenthe.lu\/fr\/nos-services\/\"},{\"@type\":\"ListItem\",\"position\":3,\"name\":\"Transfert du patrimoine\"}]},{\"@type\":\"WebSite\",\"@id\":\"https:\/\/nepenthe.lu\/#website\",\"url\":\"https:\/\/nepenthe.lu\/\",\"name\":\"Nepenthe\",\"description\":\"\",\"potentialAction\":[{\"@type\":\"SearchAction\",\"target\":{\"@type\":\"EntryPoint\",\"urlTemplate\":\"https:\/\/nepenthe.lu\/?s={search_term_string}\"},\"query-input\":{\"@type\":\"PropertyValueSpecification\",\"valueRequired\":true,\"valueName\":\"search_term_string\"}}],\"inLanguage\":\"fr-FR\"}]}<\/script>\n<!-- \/ Yoast SEO plugin. -->","yoast_head_json":{"title":"Transfert du patrimoine - Nepenthe","description":"Nepenthe is in 2004 opgericht als een aanbieder van Marketing & Communication oplossingen voor financi\u00eble dienstverleners.","robots":{"index":"index","follow":"follow","max-snippet":"max-snippet:-1","max-image-preview":"max-image-preview:large","max-video-preview":"max-video-preview:-1"},"canonical":"https:\/\/nepenthe.lu\/fr\/nos-services\/transfert-du-patrimoine\/","og_locale":"fr_FR","og_type":"article","og_title":"Transfert du patrimoine - Nepenthe","og_description":"Nepenthe is in 2004 opgericht als een aanbieder van Marketing & Communication oplossingen voor financi\u00eble dienstverleners.","og_url":"https:\/\/nepenthe.lu\/fr\/nos-services\/transfert-du-patrimoine\/","og_site_name":"Nepenthe","twitter_misc":{"Dur\u00e9e de lecture estim\u00e9e":"1 minute"},"schema":{"@context":"https:\/\/schema.org","@graph":[{"@type":"WebPage","@id":"https:\/\/nepenthe.lu\/fr\/nos-services\/transfert-du-patrimoine\/","url":"https:\/\/nepenthe.lu\/fr\/nos-services\/transfert-du-patrimoine\/","name":"Transfert du patrimoine - Nepenthe","isPartOf":{"@id":"https:\/\/nepenthe.lu\/#website"},"datePublished":"2014-12-02T09:41:35+00:00","description":"Nepenthe is in 2004 opgericht als een aanbieder van Marketing & Communication oplossingen voor financi\u00eble dienstverleners.","breadcrumb":{"@id":"https:\/\/nepenthe.lu\/fr\/nos-services\/transfert-du-patrimoine\/#breadcrumb"},"inLanguage":"fr-FR","potentialAction":[{"@type":"ReadAction","target":["https:\/\/nepenthe.lu\/fr\/nos-services\/transfert-du-patrimoine\/"]}]},{"@type":"BreadcrumbList","@id":"https:\/\/nepenthe.lu\/fr\/nos-services\/transfert-du-patrimoine\/#breadcrumb","itemListElement":[{"@type":"ListItem","position":1,"name":"Home","item":"https:\/\/nepenthe.lu\/fr\/"},{"@type":"ListItem","position":2,"name":"Nos services","item":"https:\/\/nepenthe.lu\/fr\/nos-services\/"},{"@type":"ListItem","position":3,"name":"Transfert du patrimoine"}]},{"@type":"WebSite","@id":"https:\/\/nepenthe.lu\/#website","url":"https:\/\/nepenthe.lu\/","name":"Nepenthe","description":"","potentialAction":[{"@type":"SearchAction","target":{"@type":"EntryPoint","urlTemplate":"https:\/\/nepenthe.lu\/?s={search_term_string}"},"query-input":{"@type":"PropertyValueSpecification","valueRequired":true,"valueName":"search_term_string"}}],"inLanguage":"fr-FR"}]}},"_links":{"self":[{"href":"https:\/\/nepenthe.lu\/fr\/wp-json\/wp\/v2\/pages\/181","targetHints":{"allow":["GET"]}}],"collection":[{"href":"https:\/\/nepenthe.lu\/fr\/wp-json\/wp\/v2\/pages"}],"about":[{"href":"https:\/\/nepenthe.lu\/fr\/wp-json\/wp\/v2\/types\/page"}],"author":[{"embeddable":true,"href":"https:\/\/nepenthe.lu\/fr\/wp-json\/wp\/v2\/users\/1"}],"replies":[{"embeddable":true,"href":"https:\/\/nepenthe.lu\/fr\/wp-json\/wp\/v2\/comments?post=181"}],"version-history":[{"count":1,"href":"https:\/\/nepenthe.lu\/fr\/wp-json\/wp\/v2\/pages\/181\/revisions"}],"predecessor-version":[{"id":183,"href":"https:\/\/nepenthe.lu\/fr\/wp-json\/wp\/v2\/pages\/181\/revisions\/183"}],"up":[{"embeddable":true,"href":"https:\/\/nepenthe.lu\/fr\/wp-json\/wp\/v2\/pages\/176"}],"wp:attachment":[{"href":"https:\/\/nepenthe.lu\/fr\/wp-json\/wp\/v2\/media?parent=181"}],"curies":[{"name":"wp","href":"https:\/\/api.w.org\/{rel}","templated":true}]}}