{"id":174,"date":"2014-12-02T10:28:25","date_gmt":"2014-12-02T09:28:25","guid":{"rendered":"http:\/\/nepenthe.lu\/?page_id=174"},"modified":"2022-10-27T10:19:36","modified_gmt":"2022-10-27T09:19:36","slug":"extraits-de-la-reglementation","status":"publish","type":"page","link":"https:\/\/nepenthe.lu\/fr\/extraits-de-la-reglementation\/","title":{"rendered":"Extraits de la r\u00e9glementation"},"content":{"rendered":"<p>D\u00e9nomination :\u00a0 \u00a0 \u00a0 \u00a0 \u00a0 \u00a0 \u00a0 \u00a0 \u00a0 \u00a0 \u00a0 \u00a0 Nepenthe Insurance Advisory Services S\u00e0rl<br \/>\nNum\u00e9ro d\u2019Immatriculation :\u00a0 B158315 aupr\u00e8s du Registre de Commerce et des soci\u00e9t\u00e9s au Grand Duch\u00e9 du Luxembourg ( www.rcsl.lu : \u2018services propos\u00e9s\u2019\/\u2019consulter une personne\u2019 )<br \/>\nForme Juridique :\u00a0 \u00a0 \u00a0 \u00a0 \u00a0 \u00a0 \u00a0 \u00a0 \u00a0 \u00a0 \u00a0Soci\u00e9t\u00e9 \u00e0 Responsabilit\u00e9 Limit\u00e9e<br \/>\nSi\u00e8ge Social :\u00a0 \u00a0 \u00a0 \u00a0 \u00a0 \u00a0 \u00a0 \u00a0 \u00a0 \u00a0 \u00a0 \u00a0 \u00a0 \u00a0 \u00a0Rue de Neuort 33, L 8373 Hobscheid, Luxembourg<br \/>\nObjet Social :\u00a0 \u00a0 \u00a0 \u00a0 \u00a0 \u00a0 \u00a0 \u00a0 \u00a0 \u00a0 \u00a0 \u00a0 \u00a0 \u00a0 \u00a0La soci\u00e9t\u00e9 a pour objet, par l\u2019interm\u00e9diaire de personnes physiques d\u00fbment agr\u00e9\u00e9es, le courtage, le conseil et la repr\u00e9sentation dans toutes les branches d\u2019assurances. La soci\u00e9t\u00e9 est autoris\u00e9e \u00e0 contracter des emprunts pour son propre compte et \u00e0 accorder tous cautionnements ou garanties (\u2026.)<br \/>\nCapital Social\u00a0 \u00a0:\u00a0 \u00a0 \u00a0 \u00a0 \u00a0 \u00a0 \u00a0 \u00a0 \u00a0 \u00a0 \u00a0 \u00a0 EUR 31.000,00 enti\u00e8rement lib\u00e9r\u00e9.<br \/>\nAssoci\u00e9s :\u00a0 \u00a0 \u00a0 \u00a0 \u00a0 \u00a0 \u00a0 \u00a0 \u00a0 \u00a0 \u00a0 \u00a0 \u00a0 \u00a0 \u00a0 \u00a0 \u00a0 \u00a0Nepenthe International S.A. ( B102834) d\u00e9tient 100% des parts<br \/>\nAdministrateur G\u00e9rant :\u00a0 \u00a0 \u00a0 \u00a0 \u00a0Bert Bouton, Rue de Neuort 33, L 8373 Hobscheid, Luxembourg , Tel&amp;Fax : 00 352 26 45 81 52 , Mobile 00 352 661 214 110 , e-mail : bert.bouton@nepenthe.lu La soci\u00e9t\u00e9 est valablement engag\u00e9e en toutes circonstances par la signature individuelle du g\u00e9rant.<br \/>\nAgr\u00e9ment Courtier en Assurances : agr\u00e9ment minist\u00e9riel 2011CM005 accord\u00e9 par le Commissariat aux Assurances ( www.caa.lu )<br \/>\nInscription Registre :\u00a0 \u00a0 \u00a0 \u00a0 \u00a0 \u00a0 \u00a0 <a href=\"https:\/\/www.caa.lu\/fr\/operateurs\/intermediaires\/societe-de-courtage\">http:\/\/www.caa.lu\/FR\/operateurs\/societes-de-courtage.asp<\/a><br \/>\nR\u00e9clamations\u00a0 :\u00a0 \u00a0 \u00a0 \u00a0 \u00a0 \u00a0 \u00a0 \u00a0 \u00a0 \u00a0 \u00a0 \u00a0Au cas o\u00f9 vous seriez insatisfaits des services offerts par Nepenthe ou ses repr\u00e9sentants , vous \u00eates pri\u00e9 de vous adresser \u00e0 l\u2019administrateur g\u00e9rant. Au cas o\u00f9 celui-ci ne puisse pas apporter r\u00e9ponse \u00e0 vos griefs et vous estimez \u00eatre en droit de d\u00e9poser plainte, vous avez toujours le droit de vous adresser directement aux autorit\u00e9s de surveillance des interm\u00e9diaires en assurances au Grand Duch\u00e9 du Luxembourg : Commissariat aux Assurances 7, boulevard Joseph II, L &#8211; 1840 Luxembourg, GD de Luxembourg T\u00e9l\u00e9phone: (+352) 22 69 11 &#8211; 1 Fax: (+352) 22 69 10 (+352) 22 69 11 &#8211; 444 Email: caa@caa.lu<br \/>\nVous avez le droit de vous adresser aux autorit\u00e9s de surveillance du pays de votre r\u00e9sidence principale qui se mettra en contact avec les autorit\u00e9s luxembourgeoises.<\/p>\n","protected":false},"excerpt":{"rendered":"<p>D\u00e9nomination :\u00a0 \u00a0 \u00a0 \u00a0 \u00a0 \u00a0 \u00a0 \u00a0 \u00a0 \u00a0 \u00a0 \u00a0 Nepenthe Insurance Advisory Services S\u00e0rl Num\u00e9ro d\u2019Immatriculation :\u00a0 B158315 aupr\u00e8s du Registre de Commerce et des soci\u00e9t\u00e9s au Grand Duch\u00e9 du Luxembourg ( www.rcsl.lu : \u2018services propos\u00e9s\u2019\/\u2019consulter une personne\u2019 ) Forme Juridique :\u00a0 \u00a0 \u00a0 \u00a0 \u00a0 \u00a0 \u00a0 \u00a0 \u00a0 \u00a0&#8230;<\/p>\n","protected":false},"author":1,"featured_media":0,"parent":0,"menu_order":0,"comment_status":"closed","ping_status":"closed","template":"","meta":{"_monsterinsights_skip_tracking":false,"_monsterinsights_sitenote_active":false,"_monsterinsights_sitenote_note":"","_monsterinsights_sitenote_category":0,"footnotes":""},"class_list":["post-174","page","type-page","status-publish","hentry"],"yoast_head":"<!-- This site is optimized with the Yoast SEO plugin v26.5 - https:\/\/yoast.com\/wordpress\/plugins\/seo\/ -->\n<title>Extraits de la r\u00e9glementation - Nepenthe<\/title>\n<meta name=\"description\" content=\"Nepenthe is in 2004 opgericht als een aanbieder van Marketing &amp; Communication oplossingen voor financi\u00eble dienstverleners.\" \/>\n<meta name=\"robots\" content=\"index, follow, max-snippet:-1, max-image-preview:large, max-video-preview:-1\" \/>\n<link rel=\"canonical\" href=\"https:\/\/nepenthe.lu\/fr\/extraits-de-la-reglementation\/\" \/>\n<meta property=\"og:locale\" content=\"fr_FR\" \/>\n<meta property=\"og:type\" content=\"article\" \/>\n<meta property=\"og:title\" content=\"Extraits de la r\u00e9glementation - Nepenthe\" \/>\n<meta property=\"og:description\" content=\"Nepenthe is in 2004 opgericht als een aanbieder van Marketing &amp; Communication oplossingen voor financi\u00eble dienstverleners.\" \/>\n<meta property=\"og:url\" content=\"https:\/\/nepenthe.lu\/fr\/extraits-de-la-reglementation\/\" \/>\n<meta property=\"og:site_name\" content=\"Nepenthe\" \/>\n<meta property=\"article:modified_time\" content=\"2022-10-27T09:19:36+00:00\" \/>\n<meta name=\"twitter:label1\" content=\"Dur\u00e9e de lecture estim\u00e9e\" \/>\n\t<meta name=\"twitter:data1\" content=\"2 minutes\" \/>\n<script type=\"application\/ld+json\" class=\"yoast-schema-graph\">{\"@context\":\"https:\/\/schema.org\",\"@graph\":[{\"@type\":\"WebPage\",\"@id\":\"https:\/\/nepenthe.lu\/fr\/extraits-de-la-reglementation\/\",\"url\":\"https:\/\/nepenthe.lu\/fr\/extraits-de-la-reglementation\/\",\"name\":\"Extraits de la r\u00e9glementation - Nepenthe\",\"isPartOf\":{\"@id\":\"https:\/\/nepenthe.lu\/#website\"},\"datePublished\":\"2014-12-02T09:28:25+00:00\",\"dateModified\":\"2022-10-27T09:19:36+00:00\",\"description\":\"Nepenthe is in 2004 opgericht als een aanbieder van Marketing & Communication oplossingen voor financi\u00eble dienstverleners.\",\"breadcrumb\":{\"@id\":\"https:\/\/nepenthe.lu\/fr\/extraits-de-la-reglementation\/#breadcrumb\"},\"inLanguage\":\"fr-FR\",\"potentialAction\":[{\"@type\":\"ReadAction\",\"target\":[\"https:\/\/nepenthe.lu\/fr\/extraits-de-la-reglementation\/\"]}]},{\"@type\":\"BreadcrumbList\",\"@id\":\"https:\/\/nepenthe.lu\/fr\/extraits-de-la-reglementation\/#breadcrumb\",\"itemListElement\":[{\"@type\":\"ListItem\",\"position\":1,\"name\":\"Home\",\"item\":\"https:\/\/nepenthe.lu\/fr\/\"},{\"@type\":\"ListItem\",\"position\":2,\"name\":\"Extraits de la r\u00e9glementation\"}]},{\"@type\":\"WebSite\",\"@id\":\"https:\/\/nepenthe.lu\/#website\",\"url\":\"https:\/\/nepenthe.lu\/\",\"name\":\"Nepenthe\",\"description\":\"\",\"potentialAction\":[{\"@type\":\"SearchAction\",\"target\":{\"@type\":\"EntryPoint\",\"urlTemplate\":\"https:\/\/nepenthe.lu\/?s={search_term_string}\"},\"query-input\":{\"@type\":\"PropertyValueSpecification\",\"valueRequired\":true,\"valueName\":\"search_term_string\"}}],\"inLanguage\":\"fr-FR\"}]}<\/script>\n<!-- \/ Yoast SEO plugin. -->","yoast_head_json":{"title":"Extraits de la r\u00e9glementation - Nepenthe","description":"Nepenthe is in 2004 opgericht als een aanbieder van Marketing & Communication oplossingen voor financi\u00eble dienstverleners.","robots":{"index":"index","follow":"follow","max-snippet":"max-snippet:-1","max-image-preview":"max-image-preview:large","max-video-preview":"max-video-preview:-1"},"canonical":"https:\/\/nepenthe.lu\/fr\/extraits-de-la-reglementation\/","og_locale":"fr_FR","og_type":"article","og_title":"Extraits de la r\u00e9glementation - Nepenthe","og_description":"Nepenthe is in 2004 opgericht als een aanbieder van Marketing & Communication oplossingen voor financi\u00eble dienstverleners.","og_url":"https:\/\/nepenthe.lu\/fr\/extraits-de-la-reglementation\/","og_site_name":"Nepenthe","article_modified_time":"2022-10-27T09:19:36+00:00","twitter_misc":{"Dur\u00e9e de lecture estim\u00e9e":"2 minutes"},"schema":{"@context":"https:\/\/schema.org","@graph":[{"@type":"WebPage","@id":"https:\/\/nepenthe.lu\/fr\/extraits-de-la-reglementation\/","url":"https:\/\/nepenthe.lu\/fr\/extraits-de-la-reglementation\/","name":"Extraits de la r\u00e9glementation - Nepenthe","isPartOf":{"@id":"https:\/\/nepenthe.lu\/#website"},"datePublished":"2014-12-02T09:28:25+00:00","dateModified":"2022-10-27T09:19:36+00:00","description":"Nepenthe is in 2004 opgericht als een aanbieder van Marketing & Communication oplossingen voor financi\u00eble dienstverleners.","breadcrumb":{"@id":"https:\/\/nepenthe.lu\/fr\/extraits-de-la-reglementation\/#breadcrumb"},"inLanguage":"fr-FR","potentialAction":[{"@type":"ReadAction","target":["https:\/\/nepenthe.lu\/fr\/extraits-de-la-reglementation\/"]}]},{"@type":"BreadcrumbList","@id":"https:\/\/nepenthe.lu\/fr\/extraits-de-la-reglementation\/#breadcrumb","itemListElement":[{"@type":"ListItem","position":1,"name":"Home","item":"https:\/\/nepenthe.lu\/fr\/"},{"@type":"ListItem","position":2,"name":"Extraits de la r\u00e9glementation"}]},{"@type":"WebSite","@id":"https:\/\/nepenthe.lu\/#website","url":"https:\/\/nepenthe.lu\/","name":"Nepenthe","description":"","potentialAction":[{"@type":"SearchAction","target":{"@type":"EntryPoint","urlTemplate":"https:\/\/nepenthe.lu\/?s={search_term_string}"},"query-input":{"@type":"PropertyValueSpecification","valueRequired":true,"valueName":"search_term_string"}}],"inLanguage":"fr-FR"}]}},"_links":{"self":[{"href":"https:\/\/nepenthe.lu\/fr\/wp-json\/wp\/v2\/pages\/174","targetHints":{"allow":["GET"]}}],"collection":[{"href":"https:\/\/nepenthe.lu\/fr\/wp-json\/wp\/v2\/pages"}],"about":[{"href":"https:\/\/nepenthe.lu\/fr\/wp-json\/wp\/v2\/types\/page"}],"author":[{"embeddable":true,"href":"https:\/\/nepenthe.lu\/fr\/wp-json\/wp\/v2\/users\/1"}],"replies":[{"embeddable":true,"href":"https:\/\/nepenthe.lu\/fr\/wp-json\/wp\/v2\/comments?post=174"}],"version-history":[{"count":4,"href":"https:\/\/nepenthe.lu\/fr\/wp-json\/wp\/v2\/pages\/174\/revisions"}],"predecessor-version":[{"id":994,"href":"https:\/\/nepenthe.lu\/fr\/wp-json\/wp\/v2\/pages\/174\/revisions\/994"}],"wp:attachment":[{"href":"https:\/\/nepenthe.lu\/fr\/wp-json\/wp\/v2\/media?parent=174"}],"curies":[{"name":"wp","href":"https:\/\/api.w.org\/{rel}","templated":true}]}}