{"id":1048,"date":"2023-12-20T11:23:52","date_gmt":"2023-12-20T10:23:52","guid":{"rendered":"https:\/\/nepenthe.lu\/?page_id=1048"},"modified":"2023-12-20T11:26:07","modified_gmt":"2023-12-20T10:26:07","slug":"politique-de-cooperation-avec-les-gestionnaires-financiers","status":"publish","type":"page","link":"https:\/\/nepenthe.lu\/fr\/vitis-life-producten\/politique-de-cooperation-avec-les-gestionnaires-financiers\/","title":{"rendered":"Politique de cooperation avec les gestionnaires financiers"},"content":{"rendered":"<p>Dans le cadre des r\u00e8gles de conduite EU DDA notre cabinet a impl\u00e9ment\u00e9 un dispositif de gestion des conflits d\u2019int\u00e9r\u00eats et une Politique de Gestion de la R\u00e9mun\u00e9ration. Les deux dispositifs sont intimement li\u00e9s car ils veillent \u00e0 \u00e9viter des mauvaises pratiques qui ne seraient pas dans l\u2019int\u00e9r\u00eat du client. Cette question est notamment sensible envers la client\u00e8le qui fait appel \u00e0 notre cabinet pour la souscription et la gestion de contrats de type VIE Investissement dans le cadre de leur planning patrimonial et successoral.<\/p>\n<p>&nbsp;<\/p>\n<p>En effet, nous nous engageons \u00e0 accompagner nos clients sur le cycle de vie de leurs besoins en la mati\u00e8re et cet engagement n\u00e9cessite une confiance r\u00e9ciproque. Une condition clef pour assurer la confiance entre parties est la transparence.<\/p>\n<p>&nbsp;<\/p>\n<p>Nous tenons donc dans le pr\u00e9sent document \u00e0 pr\u00e9ciser notre Mod\u00e8le Economique de D\u00e9veloppement ( Business Model ) y compris les r\u00e8gles de conduite appliqu\u00e9s afin d\u2019assurer une bonne gestion des conflits d\u2019int\u00e9r\u00eats et de la Politique de R\u00e9mun\u00e9ration en faveur des int\u00e9r\u00eats du client.<\/p>\n<p>Depuis notre incorporation en 2011 nous avons offert nos services de courtier ind\u00e9pendant aux gestionnaires financiers et banques priv\u00e9es qui n\u2019ont pas impl\u00e9ment\u00e9 dans leurs structures une fonction de distribution en assurances. Ainsi nous avons pu construire une base de client\u00e8le qui nous a \u00e9t\u00e9 introduite par des gestionnaires financiers et des banques priv\u00e9es \u00e0 la recherche de contrats de type IBIP ( Insurance Based Investment Products ). \u00a0La gestion de ces contrats se complexifie du fait qu\u2019il y plus que 2 stakeholders impliqu\u00e9s\u00a0: en sus du preneur d\u2019assurance en contact avec son assureur, l\u2019assureur d\u00e9l\u00e8gue la gestion financi\u00e8re du contrat d\u2019assurance \u00e0 un gestionnaire financier ou banquier priv\u00e9 souvent choisi par le client. Le gestionnaire financier souvent utilise une banque d\u00e9positaire tierce sp\u00e9cialis\u00e9e. La bonne ex\u00e9cution du contrat d\u2019assurance d\u00e9pend donc de plusieurs prestataires , \u00e0 savoir l\u2019assureur, le gestionnaire financier et la banque d\u00e9positaire. Le client est donc confront\u00e9 \u00e0 3 contreparties juridiques. En tant que courtier ind\u00e9pendant, nous sommes mandat\u00e9s par le client et nous surveillons pour le compte du client le bon fonctionnement entre ces 3 prestataires, le respect des composantes tarifaires dans le contrat ( est-ce que chaque prestataire re\u00e7oit ni plus ni moins de ce qui est convenu contractuellement ) et \u2013 depuis EU DDA 2018 \u2013 aussi l\u2019ad\u00e9quation du profil d\u2019investissement choisi du client par rapport \u00e0 son profil de risque personnel et par rapport aux attentes de performance. Ainsi, nous mettons \u00e0 disposition de nos clients un acc\u00e8s \u00e0 notre environnement e-Nepenthe o\u00f9 il retrouvera tous les documents li\u00e9s \u00e0 la bonne gestion de son contrat et \u2013 le cas \u00e9ch\u00e9ant \u2013 un suivi trimestriel du portefeuille titres li\u00e9 \u00e0 son contrat et un suivi annuel de l\u2019\u00e9volution de la valeur de son contrat d\u2019assurance. En plus, nous organisons en fonction des besoins des entretiens entre client et gestionnaire financier.<\/p>\n<p>Le lecteur a donc compris que le d\u00e9veloppement commercial de notre activit\u00e9 d\u00e9pend des bonnes relations que nous entretenons avec des gestionnaires financiers et des banquiers priv\u00e9s.<\/p>\n<p>Afin d\u2019assurer la transparence, nous publions sur notre site web sous l\u2019onglet \u00ab\u00a0Nos partenaires\/Gestionnaires Financiers\u00a0\u00bb la liste des gestionnaires financiers et banquiers priv\u00e9s que nous retrouvons actuellement dans notre portefeuille de contrats. Actuellement, aucun des prestataires est r\u00e9mun\u00e9r\u00e9 par nous pour l\u2019introduction de clients. Au cas o\u00f9 ceci serait le cas, nous nous engageons en informer le client concern\u00e9.<\/p>\n<p>Notre mod\u00e8le de r\u00e9mun\u00e9ration est bas\u00e9 sur les commissions que nous recevons de la part des assureurs et dont le client retrouve les d\u00e9tails dans les conditions particuli\u00e8res de son\/ses contrats d\u2019assurance et\/ou dans la fiche pr\u00e9contractuelle d\u00e9di\u00e9e que nous lui pr\u00e9sentons. \u00a0\u00a0Pour certaines prestations qui d\u00e9passent le p\u00e9rim\u00e8tre de service pr\u00e9vu dans le mandat de courtage sur un contrat IBIP, nous proposons aux clients une r\u00e9mun\u00e9ration ad hoc qui pourrait \u00eatre per\u00e7ue par l\u2019assureur pour notre compte ou qui pourrait faire l\u2019objet d\u2019une facturation de notre part.<\/p>\n<p>Nous aidons certains gestionnaires financiers \/ banques priv\u00e9es avec l\u2019organisation de campagnes promotionnelles, de soir\u00e9es d\u2019information et des campagnes de communication. Dans ce cas ces prestations sont livr\u00e9es par notre soci\u00e9t\u00e9 de Communication et de Marketing ( Nepenthe International sa ) et les factures sont pay\u00e9es par le gestionnaire financiers\/ banquier priv\u00e9 qui fait appel \u00e0 nos services. Ces facturations n\u2019impactent pas le tarif de gestion financi\u00e8re appliqu\u00e9 dans le cadre des contrats d\u2019assurance. Elles sont pay\u00e9es par le budget marketing des prestataires.<\/p>\n<p>D\u2019autre part, nous pouvons dans notre dispositif de distribution mettre en place des collaborations avec\u00a0:<\/p>\n<ul>\n<li>d\u2019autres courtiers non sp\u00e9cialis\u00e9s en mati\u00e8re d\u2019assurance vie de type IBIP\u00a0: dans le cas de figure, nous signons une convention de co-courtage dans laquelle nous convenons sur le partage des t\u00e2ches de distribution. Telle coop\u00e9ration est dans l\u2019int\u00e9r\u00eat du client car nous apportons dans l\u2019offre de service les comp\u00e9tences qui manquent chez le \u00ab\u00a0co-courtier\u00a0\u00bb. Dans la plupart des cas, le co-courtier annonce dans son contrat de courtage au client qu\u2019il fait appel \u00e0 nos comp\u00e9tences pour livrer ensemble les services convenus. Nous partageons les marges de commission pr\u00e9vues dans le contrat en fonction du partage des t\u00e2ches et nous veillons \u00e0 ce que le co\u00fbt de distribution ne soit pas impact\u00e9 mat\u00e9riellement.<\/li>\n<li>Des sous-courtiers qui ont obtenu une autorisation de qui les permets d\u2019agir en tant que courtier en assurances sous la responsabilit\u00e9 de notre cabinet. Nous partageons les marges de commission pr\u00e9vues dans le contrat en fonction du partage des t\u00e2ches et nous veillons \u00e0 ce que le co\u00fbt de distribution ne soit pas impact\u00e9 mat\u00e9riellement.<\/li>\n<li>Des apporteurs d\u2019affaires autoris\u00e9s comme distributeur en assurances\u00a0: c\u2019est le cas de courtiers ou agents IARD qui occasionnellement r\u00e9f\u00e8rent un client. Les premi\u00e8res ann\u00e9es du contrat, nous c\u00e9dons une partie de notre commission pour r\u00e9mun\u00e9rer l\u2019introduction r\u00e9ussie. nous veillons \u00e0 ce que le co\u00fbt de distribution ne soit pas impact\u00e9 mat\u00e9riellement.<\/li>\n<li>Des apporteurs d\u2019affaires non autoris\u00e9s comme distributeur en assurances\u00a0: c\u2019est le cas de professionnels dans le secteur financier qui occasionnellement r\u00e9f\u00e8rent un client. Les premi\u00e8res ann\u00e9es du contrat, nous c\u00e9dons une partie de notre commission pour r\u00e9mun\u00e9rer l\u2019introduction r\u00e9ussie. nous veillons \u00e0 ce que le co\u00fbt de distribution ne soit pas impact\u00e9 mat\u00e9riellement.<\/li>\n<li>Dans aucun cas, nous offrons des stimuli financiers qui vont \u00e0 l\u2019encontre des int\u00e9r\u00eats de nos clients.<\/li>\n<\/ul>\n","protected":false},"excerpt":{"rendered":"<p>Dans le cadre des r\u00e8gles de conduite EU DDA notre cabinet a impl\u00e9ment\u00e9 un dispositif de gestion des conflits d\u2019int\u00e9r\u00eats et une Politique de Gestion de la R\u00e9mun\u00e9ration. Les deux dispositifs sont intimement li\u00e9s car ils veillent \u00e0 \u00e9viter des mauvaises pratiques qui ne seraient pas dans l\u2019int\u00e9r\u00eat du client. Cette question est notamment sensible&#8230;<\/p>\n","protected":false},"author":2,"featured_media":0,"parent":774,"menu_order":0,"comment_status":"closed","ping_status":"closed","template":"","meta":{"_monsterinsights_skip_tracking":false,"_monsterinsights_sitenote_active":false,"_monsterinsights_sitenote_note":"","_monsterinsights_sitenote_category":0,"footnotes":""},"class_list":["post-1048","page","type-page","status-publish","hentry"],"yoast_head":"<!-- This site is optimized with the Yoast SEO plugin v26.5 - https:\/\/yoast.com\/wordpress\/plugins\/seo\/ -->\n<title>Politique de cooperation avec les gestionnaires financiers - Nepenthe<\/title>\n<meta name=\"description\" content=\"Nepenthe is in 2004 opgericht als een aanbieder van Marketing &amp; Communication oplossingen voor financi\u00eble dienstverleners.\" \/>\n<meta name=\"robots\" content=\"index, follow, max-snippet:-1, max-image-preview:large, max-video-preview:-1\" \/>\n<link rel=\"canonical\" href=\"https:\/\/nepenthe.lu\/fr\/vitis-life-producten\/politique-de-cooperation-avec-les-gestionnaires-financiers\/\" \/>\n<meta property=\"og:locale\" content=\"fr_FR\" \/>\n<meta property=\"og:type\" content=\"article\" \/>\n<meta property=\"og:title\" content=\"Politique de cooperation avec les gestionnaires financiers - Nepenthe\" \/>\n<meta property=\"og:description\" content=\"Nepenthe is in 2004 opgericht als een aanbieder van Marketing &amp; Communication oplossingen voor financi\u00eble dienstverleners.\" \/>\n<meta property=\"og:url\" content=\"https:\/\/nepenthe.lu\/fr\/vitis-life-producten\/politique-de-cooperation-avec-les-gestionnaires-financiers\/\" \/>\n<meta property=\"og:site_name\" content=\"Nepenthe\" \/>\n<meta property=\"article:modified_time\" content=\"2023-12-20T10:26:07+00:00\" \/>\n<meta name=\"twitter:label1\" content=\"Dur\u00e9e de lecture estim\u00e9e\" \/>\n\t<meta name=\"twitter:data1\" content=\"6 minutes\" \/>\n<script type=\"application\/ld+json\" class=\"yoast-schema-graph\">{\"@context\":\"https:\/\/schema.org\",\"@graph\":[{\"@type\":\"WebPage\",\"@id\":\"https:\/\/nepenthe.lu\/fr\/vitis-life-producten\/politique-de-cooperation-avec-les-gestionnaires-financiers\/\",\"url\":\"https:\/\/nepenthe.lu\/fr\/vitis-life-producten\/politique-de-cooperation-avec-les-gestionnaires-financiers\/\",\"name\":\"Politique de cooperation avec les gestionnaires financiers - Nepenthe\",\"isPartOf\":{\"@id\":\"https:\/\/nepenthe.lu\/#website\"},\"datePublished\":\"2023-12-20T10:23:52+00:00\",\"dateModified\":\"2023-12-20T10:26:07+00:00\",\"description\":\"Nepenthe is in 2004 opgericht als een aanbieder van Marketing & Communication oplossingen voor financi\u00eble dienstverleners.\",\"breadcrumb\":{\"@id\":\"https:\/\/nepenthe.lu\/fr\/vitis-life-producten\/politique-de-cooperation-avec-les-gestionnaires-financiers\/#breadcrumb\"},\"inLanguage\":\"fr-FR\",\"potentialAction\":[{\"@type\":\"ReadAction\",\"target\":[\"https:\/\/nepenthe.lu\/fr\/vitis-life-producten\/politique-de-cooperation-avec-les-gestionnaires-financiers\/\"]}]},{\"@type\":\"BreadcrumbList\",\"@id\":\"https:\/\/nepenthe.lu\/fr\/vitis-life-producten\/politique-de-cooperation-avec-les-gestionnaires-financiers\/#breadcrumb\",\"itemListElement\":[{\"@type\":\"ListItem\",\"position\":1,\"name\":\"Home\",\"item\":\"https:\/\/nepenthe.lu\/fr\/\"},{\"@type\":\"ListItem\",\"position\":2,\"name\":\"VitisLife Producten\",\"item\":\"https:\/\/nepenthe.lu\/fr\/vitis-life-producten\/\"},{\"@type\":\"ListItem\",\"position\":3,\"name\":\"Politique de cooperation avec les gestionnaires financiers\"}]},{\"@type\":\"WebSite\",\"@id\":\"https:\/\/nepenthe.lu\/#website\",\"url\":\"https:\/\/nepenthe.lu\/\",\"name\":\"Nepenthe\",\"description\":\"\",\"potentialAction\":[{\"@type\":\"SearchAction\",\"target\":{\"@type\":\"EntryPoint\",\"urlTemplate\":\"https:\/\/nepenthe.lu\/?s={search_term_string}\"},\"query-input\":{\"@type\":\"PropertyValueSpecification\",\"valueRequired\":true,\"valueName\":\"search_term_string\"}}],\"inLanguage\":\"fr-FR\"}]}<\/script>\n<!-- \/ Yoast SEO plugin. -->","yoast_head_json":{"title":"Politique de cooperation avec les gestionnaires financiers - Nepenthe","description":"Nepenthe is in 2004 opgericht als een aanbieder van Marketing & Communication oplossingen voor financi\u00eble dienstverleners.","robots":{"index":"index","follow":"follow","max-snippet":"max-snippet:-1","max-image-preview":"max-image-preview:large","max-video-preview":"max-video-preview:-1"},"canonical":"https:\/\/nepenthe.lu\/fr\/vitis-life-producten\/politique-de-cooperation-avec-les-gestionnaires-financiers\/","og_locale":"fr_FR","og_type":"article","og_title":"Politique de cooperation avec les gestionnaires financiers - Nepenthe","og_description":"Nepenthe is in 2004 opgericht als een aanbieder van Marketing & Communication oplossingen voor financi\u00eble dienstverleners.","og_url":"https:\/\/nepenthe.lu\/fr\/vitis-life-producten\/politique-de-cooperation-avec-les-gestionnaires-financiers\/","og_site_name":"Nepenthe","article_modified_time":"2023-12-20T10:26:07+00:00","twitter_misc":{"Dur\u00e9e de lecture estim\u00e9e":"6 minutes"},"schema":{"@context":"https:\/\/schema.org","@graph":[{"@type":"WebPage","@id":"https:\/\/nepenthe.lu\/fr\/vitis-life-producten\/politique-de-cooperation-avec-les-gestionnaires-financiers\/","url":"https:\/\/nepenthe.lu\/fr\/vitis-life-producten\/politique-de-cooperation-avec-les-gestionnaires-financiers\/","name":"Politique de cooperation avec les gestionnaires financiers - Nepenthe","isPartOf":{"@id":"https:\/\/nepenthe.lu\/#website"},"datePublished":"2023-12-20T10:23:52+00:00","dateModified":"2023-12-20T10:26:07+00:00","description":"Nepenthe is in 2004 opgericht als een aanbieder van Marketing & Communication oplossingen voor financi\u00eble dienstverleners.","breadcrumb":{"@id":"https:\/\/nepenthe.lu\/fr\/vitis-life-producten\/politique-de-cooperation-avec-les-gestionnaires-financiers\/#breadcrumb"},"inLanguage":"fr-FR","potentialAction":[{"@type":"ReadAction","target":["https:\/\/nepenthe.lu\/fr\/vitis-life-producten\/politique-de-cooperation-avec-les-gestionnaires-financiers\/"]}]},{"@type":"BreadcrumbList","@id":"https:\/\/nepenthe.lu\/fr\/vitis-life-producten\/politique-de-cooperation-avec-les-gestionnaires-financiers\/#breadcrumb","itemListElement":[{"@type":"ListItem","position":1,"name":"Home","item":"https:\/\/nepenthe.lu\/fr\/"},{"@type":"ListItem","position":2,"name":"VitisLife Producten","item":"https:\/\/nepenthe.lu\/fr\/vitis-life-producten\/"},{"@type":"ListItem","position":3,"name":"Politique de cooperation avec les gestionnaires financiers"}]},{"@type":"WebSite","@id":"https:\/\/nepenthe.lu\/#website","url":"https:\/\/nepenthe.lu\/","name":"Nepenthe","description":"","potentialAction":[{"@type":"SearchAction","target":{"@type":"EntryPoint","urlTemplate":"https:\/\/nepenthe.lu\/?s={search_term_string}"},"query-input":{"@type":"PropertyValueSpecification","valueRequired":true,"valueName":"search_term_string"}}],"inLanguage":"fr-FR"}]}},"_links":{"self":[{"href":"https:\/\/nepenthe.lu\/fr\/wp-json\/wp\/v2\/pages\/1048","targetHints":{"allow":["GET"]}}],"collection":[{"href":"https:\/\/nepenthe.lu\/fr\/wp-json\/wp\/v2\/pages"}],"about":[{"href":"https:\/\/nepenthe.lu\/fr\/wp-json\/wp\/v2\/types\/page"}],"author":[{"embeddable":true,"href":"https:\/\/nepenthe.lu\/fr\/wp-json\/wp\/v2\/users\/2"}],"replies":[{"embeddable":true,"href":"https:\/\/nepenthe.lu\/fr\/wp-json\/wp\/v2\/comments?post=1048"}],"version-history":[{"count":1,"href":"https:\/\/nepenthe.lu\/fr\/wp-json\/wp\/v2\/pages\/1048\/revisions"}],"predecessor-version":[{"id":1049,"href":"https:\/\/nepenthe.lu\/fr\/wp-json\/wp\/v2\/pages\/1048\/revisions\/1049"}],"up":[{"embeddable":true,"href":"https:\/\/nepenthe.lu\/fr\/wp-json\/wp\/v2\/pages\/774"}],"wp:attachment":[{"href":"https:\/\/nepenthe.lu\/fr\/wp-json\/wp\/v2\/media?parent=1048"}],"curies":[{"name":"wp","href":"https:\/\/api.w.org\/{rel}","templated":true}]}}